{"id":183,"date":"2021-02-27T09:09:12","date_gmt":"2021-02-27T09:09:12","guid":{"rendered":"https:\/\/futura.agentweb.ro\/?page_id=183"},"modified":"2021-02-27T09:12:08","modified_gmt":"2021-02-27T09:12:08","slug":"despre-noi","status":"publish","type":"page","link":"https:\/\/futura.ro\/it\/despre-noi\/","title":{"rendered":"Chi siamo"},"content":{"rendered":"<div data-elementor-type=\"wp-post\" data-elementor-id=\"183\" class=\"elementor elementor-183\">\n\t\t\t\t\t\t<section class=\"elementor-section elementor-top-section elementor-element elementor-element-fa77f65 elementor-section-boxed elementor-section-height-default elementor-section-height-default\" data-id=\"fa77f65\" data-element_type=\"section\" data-e-type=\"section\">\n\t\t\t\t\t\t<div class=\"elementor-container elementor-column-gap-default\">\n\t\t\t\t\t<div class=\"elementor-column elementor-col-100 elementor-top-column elementor-element elementor-element-f88b60f\" data-id=\"f88b60f\" data-element_type=\"column\" data-e-type=\"column\">\n\t\t\t<div class=\"elementor-widget-wrap elementor-element-populated\">\n\t\t\t\t\t\t\t<\/div>\n\t\t<\/div>\n\t\t\t\t\t<\/div>\n\t\t<\/section>\n\t\t\t\t<section class=\"elementor-section elementor-top-section elementor-element elementor-element-5a58c8b elementor-section-boxed elementor-section-height-default elementor-section-height-default\" data-id=\"5a58c8b\" data-element_type=\"section\" data-e-type=\"section\" data-settings=\"{&quot;background_background&quot;:&quot;classic&quot;}\">\n\t\t\t\t\t\t<div class=\"elementor-container elementor-column-gap-default\">\n\t\t\t\t\t<div class=\"elementor-column elementor-col-100 elementor-top-column elementor-element elementor-element-c1a58ff\" data-id=\"c1a58ff\" data-element_type=\"column\" data-e-type=\"column\">\n\t\t\t<div class=\"elementor-widget-wrap elementor-element-populated\">\n\t\t\t\t\t\t<div class=\"elementor-element elementor-element-76f34dd elementor-widget elementor-widget-text-editor\" data-id=\"76f34dd\" data-element_type=\"widget\" data-e-type=\"widget\" data-widget_type=\"text-editor.default\">\n\t\t\t\t<div class=\"elementor-widget-container\">\n\t\t\t\t\t\t\t\t\tAsocia\u021bia Futura se na\u0219te av\u00e2nd ca scop dezvoltarea \u015fi exprimarea identit\u0103\u0163ii etnice, culturale, lingvistice \u015fi religioase a cet\u0103\u0163enilor apar\u0163in\u00e2nd minorit\u0103\u0163ii italiene din Rom\u00e2nia si pentru a acoperi \u00een mare parte nevoile unei comunit\u0103\u021bi importante, ci anume cea Italo-Rom\u00e2n\u0103. Drept informa\u021biilor noastre, aceast\u0103 comunitate este cea mai mare \u0219i cea mai important\u0103 colectivitate care a asistat la o intercomunicare \u00eentre dou\u0103 popoare in europa de est. Este foarte bine cunoscut faptul c\u0103 emigra\u021bia din Rom\u00e2nia cu destina\u021bia Italia a fost mul\u021bi ani la r\u00e2nd preferata pentru cet\u0103\u021benii rom\u00e2ni care \u00ee\u0219i c\u0103utau un loc de munc\u0103, \u0219i de asemenea faptul c\u0103 din ce \u00een ce mai mul\u021bi cet\u0103\u021beni italieni s-au mutat \u00een Rom\u00e2nia pentru a dezvolta un business autonom. \u00cen ultimii ani, datoritei unei schimb\u0103ri economice majore \u0219i o apropriere tot mai mare \u00eentre aceste dou\u0103 popoare, s-au cl\u0103dit familii mixte \u0219i tot mai mul\u021bi italieni s-au mutat \u00een Rom\u00e2nia pentru a tr\u0103i bucuria pensiilor \u0219i pentru frumuse\u021bea acestei \u021b\u0103ri. \u021ainta noastr\u0103 este de a deveni un punct important de sprijin a acestei comunit\u0103\u021bi pe care vrem s\u0103 o reprezent\u0103m \u00een fa\u021ba autorit\u0103\u021bilor italiene \u0219i de asemenea rom\u00e2ne.   \t\t\t\t\t\t\t\t<\/div>\n\t\t\t\t<\/div>\n\t\t\t\t\t<\/div>\n\t\t<\/div>\n\t\t\t\t\t<\/div>\n\t\t<\/section>\n\t\t\t\t<\/div>","protected":false},"excerpt":{"rendered":"<p>Asocia\u021bia Futura se na\u0219te av\u00e2nd ca scop dezvoltarea \u015fi exprimarea identit\u0103\u0163ii etnice, culturale, lingvistice \u015fi religioase a cet\u0103\u0163enilor apar\u0163in\u00e2nd minorit\u0103\u0163ii italiene din Rom\u00e2nia si pentru a acoperi \u00een mare parte nevoile unei comunit\u0103\u021bi importante, ci anume cea Italo-Rom\u00e2n\u0103. Drept informa\u021biilor noastre, aceast\u0103 comunitate este cea mai mare \u0219i cea mai important\u0103 colectivitate care a asistat&hellip;&nbsp;<a href=\"https:\/\/futura.ro\/it\/despre-noi\/\" class=\"\" rel=\"bookmark\">Leggi tutto &raquo;<span class=\"screen-reader-text\">Chi siamo<\/span><\/a><\/p>","protected":false},"author":1,"featured_media":0,"parent":0,"menu_order":0,"comment_status":"closed","ping_status":"closed","template":"","meta":{"neve_meta_sidebar":"left","neve_meta_container":"","neve_meta_enable_content_width":"off","neve_meta_content_width":0,"neve_meta_title_alignment":"","neve_meta_author_avatar":"","neve_post_elements_order":"","neve_meta_disable_header":"","neve_meta_disable_footer":"","neve_meta_disable_title":"","footnotes":""},"class_list":["post-183","page","type-page","status-publish","hentry"],"_links":{"self":[{"href":"https:\/\/futura.ro\/it\/wp-json\/wp\/v2\/pages\/183","targetHints":{"allow":["GET"]}}],"collection":[{"href":"https:\/\/futura.ro\/it\/wp-json\/wp\/v2\/pages"}],"about":[{"href":"https:\/\/futura.ro\/it\/wp-json\/wp\/v2\/types\/page"}],"author":[{"embeddable":true,"href":"https:\/\/futura.ro\/it\/wp-json\/wp\/v2\/users\/1"}],"replies":[{"embeddable":true,"href":"https:\/\/futura.ro\/it\/wp-json\/wp\/v2\/comments?post=183"}],"version-history":[{"count":4,"href":"https:\/\/futura.ro\/it\/wp-json\/wp\/v2\/pages\/183\/revisions"}],"predecessor-version":[{"id":189,"href":"https:\/\/futura.ro\/it\/wp-json\/wp\/v2\/pages\/183\/revisions\/189"}],"wp:attachment":[{"href":"https:\/\/futura.ro\/it\/wp-json\/wp\/v2\/media?parent=183"}],"curies":[{"name":"wp","href":"https:\/\/api.w.org\/{rel}","templated":true}]}}