{"id":190,"date":"2021-02-27T09:13:12","date_gmt":"2021-02-27T09:13:12","guid":{"rendered":"https:\/\/futura.agentweb.ro\/?page_id=190"},"modified":"2021-02-27T09:25:57","modified_gmt":"2021-02-27T09:25:57","slug":"domenii-de-activitate","status":"publish","type":"page","link":"https:\/\/futura.ro\/it\/domenii-de-activitate\/","title":{"rendered":"Ambiti di intervento"},"content":{"rendered":"<div data-elementor-type=\"wp-post\" data-elementor-id=\"190\" class=\"elementor elementor-190\">\n\t\t\t\t\t\t<section class=\"elementor-section elementor-top-section elementor-element elementor-element-5a58c8b elementor-section-boxed elementor-section-height-default elementor-section-height-default\" data-id=\"5a58c8b\" data-element_type=\"section\" data-e-type=\"section\" data-settings=\"{&quot;background_background&quot;:&quot;classic&quot;}\">\n\t\t\t\t\t\t<div class=\"elementor-container elementor-column-gap-default\">\n\t\t\t\t\t<div class=\"elementor-column elementor-col-100 elementor-top-column elementor-element elementor-element-c1a58ff\" data-id=\"c1a58ff\" data-element_type=\"column\" data-e-type=\"column\">\n\t\t\t<div class=\"elementor-widget-wrap elementor-element-populated\">\n\t\t\t\t\t\t<div class=\"elementor-element elementor-element-76f34dd elementor-widget elementor-widget-text-editor\" data-id=\"76f34dd\" data-element_type=\"widget\" data-e-type=\"widget\" data-widget_type=\"text-editor.default\">\n\t\t\t\t<div class=\"elementor-widget-container\">\n\t\t\t\t\t\t\t\t\t<p>\u00cen primul r\u00e2nd asocia\u021bia propune scopul \u00eendr\u0103zne\u021b de a atribui un profil juridic \u0219i social comunit\u0103\u021bii Italo-Rom\u00e2me. Despre aceasta comunitate putem spune c\u0103 la momentul de fa\u021b\u0103 poate numara \u00een jur de 3\/4 milioane de cet\u0103\u021beni care sunt lega\u021bi prin cultura italian\u0103 \u0219i cea rom\u00e2n\u0103: rom\u00e2nii care muncesc \u00een Italia, italienii care tr\u0103iesc \u00een Rom\u00e2nia \u0219i nu \u00een ultimul r\u00e2nd, minorii \u0219i copiii care au parin\u021bi din ambele etnii \u0219i frecventeaz\u0103 \u0219coala \u00een Rom\u00e2nia sau \u00een Italia. Aceasta comunitate are nevoie de un punct de referin\u021b\u0103 \u0219i de o istitu\u021bie care poate s\u0103 asculte nevoile cet\u0103\u021benilor \u0219i s\u0103 \u00eei ajute in dificult\u0103\u021bile pe care le pot \u00eent\u00e2mpina \u00een via\u021ba de zi cu zi. P\u00e2n\u0103 \u00een ziua de azi, asocia\u021biile din acest domeniu s-au ocupat mai mult de interesele de sector sau, mai r\u0103u, de interesele personale.<\/p>\n<p>Func\u021biile desf\u0103\u0219urate de asocia\u021bie tind s\u0103 aib\u0103 ca scop ap\u0103rarea intereselor italiene \u0219i acordarea de asisten\u021b\u0103 persoanelor fizice \u0219i juridice italiene care sunt \u00een aria de competen\u021b\u0103.<\/p>\n\n<p>Odat\u0103 cu evolu\u021bia situa\u021biei politice interna\u021bionale \u0219i consolidarea rela\u021biilor dintre Italia \u0219i Rom\u00e2nia, asocia\u021bia este chemat\u0103 s\u0103 proiecteze \u0219i s\u0103 difuzeze, \u00een str\u00e2ns contact cu Ambasada, imaginea Italiei c\u0103tre autorit\u0103\u021bi \u0219i comunit\u0103\u021bile locale rom\u00e2ne\u0219ti \u0219i \u00ee\u0219i stabile\u0219te obiectivul ambi\u021bios de a promova cunoa\u0219terea, armonizarea \u0219i, \u00een cele din urm\u0103, o mai mare integrare economic\u0103, social\u0103 \u0219i cultural\u0103 a celor dou\u0103 \u021b\u0103ri, consolid\u00e2ndu-\u0219i pe deplin pozi\u021bia de \u201efermoar\u201d \u00eentre Italia \u0219i Rom\u00e2nia.<\/p>\n\n\t\t\t\t\t\t\t\t<\/div>\n\t\t\t\t<\/div>\n\t\t\t\t\t<\/div>\n\t\t<\/div>\n\t\t\t\t\t<\/div>\n\t\t<\/section>\n\t\t\t\t<\/div>","protected":false},"excerpt":{"rendered":"<p>\u00cen primul r\u00e2nd asocia\u021bia propune scopul \u00eendr\u0103zne\u021b de a atribui un profil juridic \u0219i social comunit\u0103\u021bii Italo-Rom\u00e2me. Despre aceasta comunitate putem spune c\u0103 la momentul de fa\u021b\u0103 poate numara \u00een jur de 3\/4 milioane de cet\u0103\u021beni care sunt lega\u021bi prin cultura italian\u0103 \u0219i cea rom\u00e2n\u0103: rom\u00e2nii care muncesc \u00een Italia, italienii care tr\u0103iesc \u00een Rom\u00e2nia&hellip;&nbsp;<a href=\"https:\/\/futura.ro\/it\/domenii-de-activitate\/\" class=\"\" rel=\"bookmark\">Leggi tutto &raquo;<span class=\"screen-reader-text\">Ambiti di intervento<\/span><\/a><\/p>","protected":false},"author":1,"featured_media":0,"parent":0,"menu_order":0,"comment_status":"closed","ping_status":"closed","template":"","meta":{"neve_meta_sidebar":"left","neve_meta_container":"","neve_meta_enable_content_width":"off","neve_meta_content_width":0,"neve_meta_title_alignment":"","neve_meta_author_avatar":"","neve_post_elements_order":"","neve_meta_disable_header":"","neve_meta_disable_footer":"","neve_meta_disable_title":"","footnotes":""},"class_list":["post-190","page","type-page","status-publish","hentry"],"_links":{"self":[{"href":"https:\/\/futura.ro\/it\/wp-json\/wp\/v2\/pages\/190","targetHints":{"allow":["GET"]}}],"collection":[{"href":"https:\/\/futura.ro\/it\/wp-json\/wp\/v2\/pages"}],"about":[{"href":"https:\/\/futura.ro\/it\/wp-json\/wp\/v2\/types\/page"}],"author":[{"embeddable":true,"href":"https:\/\/futura.ro\/it\/wp-json\/wp\/v2\/users\/1"}],"replies":[{"embeddable":true,"href":"https:\/\/futura.ro\/it\/wp-json\/wp\/v2\/comments?post=190"}],"version-history":[{"count":4,"href":"https:\/\/futura.ro\/it\/wp-json\/wp\/v2\/pages\/190\/revisions"}],"predecessor-version":[{"id":199,"href":"https:\/\/futura.ro\/it\/wp-json\/wp\/v2\/pages\/190\/revisions\/199"}],"wp:attachment":[{"href":"https:\/\/futura.ro\/it\/wp-json\/wp\/v2\/media?parent=190"}],"curies":[{"name":"wp","href":"https:\/\/api.w.org\/{rel}","templated":true}]}}