{"id":200,"date":"2021-02-27T09:26:26","date_gmt":"2021-02-27T09:26:26","guid":{"rendered":"https:\/\/futura.agentweb.ro\/?page_id=200"},"modified":"2021-02-27T09:30:53","modified_gmt":"2021-02-27T09:30:53","slug":"obiective-si-scopuri","status":"publish","type":"page","link":"https:\/\/futura.ro\/it\/obiective-si-scopuri\/","title":{"rendered":"Obiettivi e finalit\u00e0"},"content":{"rendered":"<div data-elementor-type=\"wp-post\" data-elementor-id=\"200\" class=\"elementor elementor-200\">\n\t\t\t\t\t\t<section class=\"elementor-section elementor-top-section elementor-element elementor-element-5a58c8b elementor-section-boxed elementor-section-height-default elementor-section-height-default\" data-id=\"5a58c8b\" data-element_type=\"section\" data-e-type=\"section\" data-settings=\"{&quot;background_background&quot;:&quot;classic&quot;}\">\n\t\t\t\t\t\t<div class=\"elementor-container elementor-column-gap-default\">\n\t\t\t\t\t<div class=\"elementor-column elementor-col-100 elementor-top-column elementor-element elementor-element-c1a58ff\" data-id=\"c1a58ff\" data-element_type=\"column\" data-e-type=\"column\">\n\t\t\t<div class=\"elementor-widget-wrap elementor-element-populated\">\n\t\t\t\t\t\t<div class=\"elementor-element elementor-element-e4f6ab1 elementor-align-start elementor-icon-list--layout-traditional elementor-list-item-link-full_width elementor-widget elementor-widget-icon-list\" data-id=\"e4f6ab1\" data-element_type=\"widget\" data-e-type=\"widget\" data-widget_type=\"icon-list.default\">\n\t\t\t\t<div class=\"elementor-widget-container\">\n\t\t\t\t\t\t\t<ul class=\"elementor-icon-list-items\">\n\t\t\t\t\t\t\t<li class=\"elementor-icon-list-item\">\n\t\t\t\t\t\t\t\t\t\t\t<span class=\"elementor-icon-list-icon\">\n\t\t\t\t\t\t\t<i aria-hidden=\"true\" class=\"fas fa-check\"><\/i>\t\t\t\t\t\t<\/span>\n\t\t\t\t\t\t\t\t\t\t<span class=\"elementor-icon-list-text\">S\u0103 promoveze includerea cet\u0103\u021benilor italieni \u0219i europeni \u00een procesul social \u0219i colaborarea acestora pentru a \u00eembun\u0103t\u0103\u021bi calitatea vie\u021bii \u0219i transparen\u021ba democra\u021biei participative (cultura datelor \u0219i evaluarea impactului).<\/span>\n\t\t\t\t\t\t\t\t\t<\/li>\n\t\t\t\t\t\t\t\t<li class=\"elementor-icon-list-item\">\n\t\t\t\t\t\t\t\t\t\t\t<span class=\"elementor-icon-list-icon\">\n\t\t\t\t\t\t\t<i aria-hidden=\"true\" class=\"fas fa-check\"><\/i>\t\t\t\t\t\t<\/span>\n\t\t\t\t\t\t\t\t\t\t<span class=\"elementor-icon-list-text\">S\u0103 promoveze informa\u021bii civice, culturale \u0219i independente din sfera politic\u0103 \u0219i economic\u0103, \u00een interesul publicului, \u00een serviciul cet\u0103\u021benilor, pe probleme de protec\u021bie a mediului, s\u0103n\u0103tate, legalitate, cultur\u0103 \u0219i inovare social\u0103.<\/span>\n\t\t\t\t\t\t\t\t\t<\/li>\n\t\t\t\t\t\t\t\t<li class=\"elementor-icon-list-item\">\n\t\t\t\t\t\t\t\t\t\t\t<span class=\"elementor-icon-list-icon\">\n\t\t\t\t\t\t\t<i aria-hidden=\"true\" class=\"fas fa-check\"><\/i>\t\t\t\t\t\t<\/span>\n\t\t\t\t\t\t\t\t\t\t<span class=\"elementor-icon-list-text\">Desf\u0103\u0219oar\u0103, \u00een colaborare \u0219i cu sprijinul altor organe \u0219i institu\u021bii, ac\u021biuni publice \u0219i private, educative \u0219i consultative \u00een domeniul protec\u021biei sociale, promovarea drepturilor muncii, precum \u0219i activit\u0103\u021bi de organizare, pregatire \u0219i actualizare profesional\u0103.<\/span>\n\t\t\t\t\t\t\t\t\t<\/li>\n\t\t\t\t\t\t\t\t<li class=\"elementor-icon-list-item\">\n\t\t\t\t\t\t\t\t\t\t\t<span class=\"elementor-icon-list-icon\">\n\t\t\t\t\t\t\t<i aria-hidden=\"true\" class=\"fas fa-check\"><\/i>\t\t\t\t\t\t<\/span>\n\t\t\t\t\t\t\t\t\t\t<span class=\"elementor-icon-list-text\">Asist\u0103, de asemenea, \u00een colaborare \u0219i cu sprijinul altor organe \u0219i institu\u021bii, lucr\u0103tori publici \u0219i priva\u021bi, muncitori \u0219i cet\u0103\u021beni italieni, \u00een dezvoltarea rela\u021biilor, solu\u021bionarea litigiilor \u0219i realizarea practicilor cu administra\u021biile publice \u0219i institu\u021biile publice \u0219i private; pentru a ob\u021bine beneficiile prev\u0103zute de reglement\u0103rile administrative.<\/span>\n\t\t\t\t\t\t\t\t\t<\/li>\n\t\t\t\t\t\t\t\t<li class=\"elementor-icon-list-item\">\n\t\t\t\t\t\t\t\t\t\t\t<span class=\"elementor-icon-list-icon\">\n\t\t\t\t\t\t\t<i aria-hidden=\"true\" class=\"fas fa-check\"><\/i>\t\t\t\t\t\t<\/span>\n\t\t\t\t\t\t\t\t\t\t<span class=\"elementor-icon-list-text\">Promovarea \u0219i sus\u021binerea dreptului cet\u0103\u021benilor la cunoa\u0219tere prin accesul la documentele \u0219i informa\u021biile Administra\u021biei Publice, transparen\u021ba \u0219i deschiderea datelor publice cu privire la problemele relevante pentru comunit\u0103\u021bi la procesele de monitorizare civic\u0103 \u0219i social\u0103;<\/span>\n\t\t\t\t\t\t\t\t\t<\/li>\n\t\t\t\t\t\t\t\t<li class=\"elementor-icon-list-item\">\n\t\t\t\t\t\t\t\t\t\t\t<span class=\"elementor-icon-list-icon\">\n\t\t\t\t\t\t\t<i aria-hidden=\"true\" class=\"fas fa-check\"><\/i>\t\t\t\t\t\t<\/span>\n\t\t\t\t\t\t\t\t\t\t<span class=\"elementor-icon-list-text\">Documentarea activit\u0103\u021bilor sociale, culturale \u0219i juridice ale cet\u0103\u021benilor, administratorilor, oamenilor de \u0219tiin\u021b\u0103, cadrelor didactice \u0219i studen\u021bilor, cercet\u0103torilor \u00een ap\u0103rarea mediului \u0219i a s\u0103n\u0103t\u0103\u021bii at\u00e2t \u00een probleme urbane, c\u00e2t \u0219i civile;<\/span>\n\t\t\t\t\t\t\t\t\t<\/li>\n\t\t\t\t\t\t\t\t<li class=\"elementor-icon-list-item\">\n\t\t\t\t\t\t\t\t\t\t\t<span class=\"elementor-icon-list-icon\">\n\t\t\t\t\t\t\t<i aria-hidden=\"true\" class=\"fas fa-check\"><\/i>\t\t\t\t\t\t<\/span>\n\t\t\t\t\t\t\t\t\t\t<span class=\"elementor-icon-list-text\">S\u0103 \u00eemp\u0103rt\u0103\u0219easc\u0103 \u0219i s\u0103 promoveze ac\u021biuni pentru protec\u021bia bunurilor comune, recuperarea \u0219i proiectarea de noi spa\u021bii pentru comunitate prin participarea activ\u0103 a cet\u0103\u021benilor;<\/span>\n\t\t\t\t\t\t\t\t\t<\/li>\n\t\t\t\t\t\t\t\t<li class=\"elementor-icon-list-item\">\n\t\t\t\t\t\t\t\t\t\t\t<span class=\"elementor-icon-list-icon\">\n\t\t\t\t\t\t\t<i aria-hidden=\"true\" class=\"fas fa-check\"><\/i>\t\t\t\t\t\t<\/span>\n\t\t\t\t\t\t\t\t\t\t<span class=\"elementor-icon-list-text\">Studierea evolu\u021biei mass-media \u0219i promovarea utiliz\u0103rii noilor tehnologii, web \u0219i social media, pentru a contribui la formarea unei comunit\u0103\u021bi responsabile, con\u0219tiente de drepturile sale civile, sociale \u0219i culturale pentru o nou\u0103 genera\u021bie de cet\u0103\u021beni Smart and Science Citizens;<\/span>\n\t\t\t\t\t\t\t\t\t<\/li>\n\t\t\t\t\t\t\t\t<li class=\"elementor-icon-list-item\">\n\t\t\t\t\t\t\t\t\t\t\t<span class=\"elementor-icon-list-icon\">\n\t\t\t\t\t\t\t<i aria-hidden=\"true\" class=\"fas fa-check\"><\/i>\t\t\t\t\t\t<\/span>\n\t\t\t\t\t\t\t\t\t\t<span class=\"elementor-icon-list-text\">\u00cencurajarea dezvolt\u0103rii de activit\u0103\u021bi economice bazate pe \u00eembun\u0103t\u0103\u021birea abilit\u0103\u021bilor pe scar\u0103 larg\u0103 (inteligen\u021b\u0103 colectiv\u0103) \u00een dialogul cu profesioni\u0219tii informa\u021bionali (digitali sau de alt\u0103 natur\u0103), \u00een mediile men\u021bionate anterior;<\/span>\n\t\t\t\t\t\t\t\t\t<\/li>\n\t\t\t\t\t\t\t\t<li class=\"elementor-icon-list-item\">\n\t\t\t\t\t\t\t\t\t\t\t<span class=\"elementor-icon-list-icon\">\n\t\t\t\t\t\t\t<i aria-hidden=\"true\" class=\"fas fa-check\"><\/i>\t\t\t\t\t\t<\/span>\n\t\t\t\t\t\t\t\t\t\t<span class=\"elementor-icon-list-text\">Promovarea dialogului interna\u021bional \u0219i a schimbului de informa\u021bii \u0219i a experien\u021belor democra\u021biei participative;<\/span>\n\t\t\t\t\t\t\t\t\t<\/li>\n\t\t\t\t\t\t\t\t<li class=\"elementor-icon-list-item\">\n\t\t\t\t\t\t\t\t\t\t\t<span class=\"elementor-icon-list-icon\">\n\t\t\t\t\t\t\t<i aria-hidden=\"true\" class=\"fas fa-check\"><\/i>\t\t\t\t\t\t<\/span>\n\t\t\t\t\t\t\t\t\t\t<span class=\"elementor-icon-list-text\">Desf\u0103\u0219urarea oric\u0103rui alt\u0103 activitate util\u0103 pentru atingerea obiectivelor care sunt cerute de Asocia\u021bia sponsorizatoare \u0219i membrii acesteia sau de alte institu\u021bii publice \u0219i private.<\/span>\n\t\t\t\t\t\t\t\t\t<\/li>\n\t\t\t\t\t\t<\/ul>\n\t\t\t\t\t\t<\/div>\n\t\t\t\t<\/div>\n\t\t\t\t\t<\/div>\n\t\t<\/div>\n\t\t\t\t\t<\/div>\n\t\t<\/section>\n\t\t\t\t<\/div>","protected":false},"excerpt":{"rendered":"<p>S\u0103 promoveze includerea cet\u0103\u021benilor italieni \u0219i europeni \u00een procesul social \u0219i colaborarea acestora pentru a \u00eembun\u0103t\u0103\u021bi calitatea vie\u021bii \u0219i transparen\u021ba democra\u021biei participative (cultura datelor \u0219i evaluarea impactului). S\u0103 promoveze informa\u021bii civice, culturale \u0219i independente din sfera politic\u0103 \u0219i economic\u0103, \u00een interesul publicului, \u00een serviciul cet\u0103\u021benilor, pe probleme de protec\u021bie a mediului, s\u0103n\u0103tate, legalitate, cultur\u0103 \u0219i&hellip;&nbsp;<a href=\"https:\/\/futura.ro\/it\/obiective-si-scopuri\/\" class=\"\" rel=\"bookmark\">Leggi tutto &raquo;<span class=\"screen-reader-text\">Obiettivi e finalit\u00e0<\/span><\/a><\/p>","protected":false},"author":1,"featured_media":0,"parent":0,"menu_order":0,"comment_status":"closed","ping_status":"closed","template":"","meta":{"neve_meta_sidebar":"left","neve_meta_container":"","neve_meta_enable_content_width":"off","neve_meta_content_width":0,"neve_meta_title_alignment":"","neve_meta_author_avatar":"","neve_post_elements_order":"","neve_meta_disable_header":"","neve_meta_disable_footer":"","neve_meta_disable_title":"","footnotes":""},"class_list":["post-200","page","type-page","status-publish","hentry"],"_links":{"self":[{"href":"https:\/\/futura.ro\/it\/wp-json\/wp\/v2\/pages\/200","targetHints":{"allow":["GET"]}}],"collection":[{"href":"https:\/\/futura.ro\/it\/wp-json\/wp\/v2\/pages"}],"about":[{"href":"https:\/\/futura.ro\/it\/wp-json\/wp\/v2\/types\/page"}],"author":[{"embeddable":true,"href":"https:\/\/futura.ro\/it\/wp-json\/wp\/v2\/users\/1"}],"replies":[{"embeddable":true,"href":"https:\/\/futura.ro\/it\/wp-json\/wp\/v2\/comments?post=200"}],"version-history":[{"count":4,"href":"https:\/\/futura.ro\/it\/wp-json\/wp\/v2\/pages\/200\/revisions"}],"predecessor-version":[{"id":205,"href":"https:\/\/futura.ro\/it\/wp-json\/wp\/v2\/pages\/200\/revisions\/205"}],"wp:attachment":[{"href":"https:\/\/futura.ro\/it\/wp-json\/wp\/v2\/media?parent=200"}],"curies":[{"name":"wp","href":"https:\/\/api.w.org\/{rel}","templated":true}]}}