{"id":228,"date":"2021-02-27T09:40:02","date_gmt":"2021-02-27T09:40:02","guid":{"rendered":"https:\/\/futura.agentweb.ro\/?page_id=228"},"modified":"2021-02-27T09:41:39","modified_gmt":"2021-02-27T09:41:39","slug":"emigratia-italiana-in-romania","status":"publish","type":"page","link":"https:\/\/futura.ro\/it\/emigratia-italiana-in-romania\/","title":{"rendered":"L'emigrazione italiana in Romania"},"content":{"rendered":"<div data-elementor-type=\"wp-post\" data-elementor-id=\"228\" class=\"elementor elementor-228\">\n\t\t\t\t\t\t<section class=\"elementor-section elementor-top-section elementor-element elementor-element-5a58c8b elementor-section-boxed elementor-section-height-default elementor-section-height-default\" data-id=\"5a58c8b\" data-element_type=\"section\" data-e-type=\"section\" data-settings=\"{&quot;background_background&quot;:&quot;classic&quot;}\">\n\t\t\t\t\t\t<div class=\"elementor-container elementor-column-gap-default\">\n\t\t\t\t\t<div class=\"elementor-column elementor-col-100 elementor-top-column elementor-element elementor-element-c1a58ff\" data-id=\"c1a58ff\" data-element_type=\"column\" data-e-type=\"column\">\n\t\t\t<div class=\"elementor-widget-wrap elementor-element-populated\">\n\t\t\t\t\t\t<div class=\"elementor-element elementor-element-76f34dd elementor-widget elementor-widget-text-editor\" data-id=\"76f34dd\" data-element_type=\"widget\" data-e-type=\"widget\" data-widget_type=\"text-editor.default\">\n\t\t\t\t<div class=\"elementor-widget-container\">\n\t\t\t\t\t\t\t\t\t<p>Emigra\u0163ia italian\u0103 &icirc;n Rom&acirc;nia, fa\u0163\u0103 de alte \u0163\u0103ri, nu a fost foarte important\u0103 numeric. Datele pe care inspectorul italian le putea culege erau oferite de Direc\u0163ia general\u0103 a statisticii din Italia, care lua &icirc;n considerare num\u0103rul de pa\u015fapoarte vizate. Acest aspect face ca datele s\u0103 nu fie demne de crezare. Odat\u0103 ob\u0163inut pa\u015faportul, nu se putea \u015fti cu exactitate c&acirc;\u0163i italieni se deplasau cu adev\u0103rat &icirc;n Rom&acirc;nia, mul\u0163i dintre italienii care emigrau &icirc;n Rom&acirc;nia c\u0103l\u0103toreau cu pa\u015fapoarte ale c\u0103ror vize erau &icirc;nglobate &icirc;n num\u0103rul total de pa\u015fapoarte acordate \u015fi pentru alte \u0163\u0103ri cum s&acirc;nt Serbia, Bulgaria, Turcia, Grecia sau Muntenegru, pentru care Statistica Italian\u0103 ofer\u0103 o singur\u0103 cifr\u0103 nedivizat\u0103 pe fiecare \u0163ar\u0103 \u015fi, &icirc;n sf&acirc;r\u015fit, pentru c\u0103 pa\u015faportul era valabil numai pe trei ani. Cifra total\u0103 de pa\u015fapoarte emise pentru \u0163\u0103rile enumerate mai sus &icirc;ntre 1893 \u015fi 1909 nu a dep\u0103\u015fit 7,72% din totalul pa\u015fapoartelor emise de Italia \u015fi a cobor&acirc;t la 0.40% &icirc;n anul 1901. Alt\u0103 cifr\u0103, mai demn\u0103 de luat &icirc;n considerare, este acea a pa\u015fapoartelor vizate de Consulatele italiene &icirc;n Rom&acirc;nia. Di Palma di Castiglione public\u0103 un tabel din care rezult\u0103 c\u0103 &icirc;ntre anii 1901 \u015fi 1911 autorit\u0103\u0163ile italiene &icirc;n Rom&acirc;nia au vizat 26.711 de pa\u015fapoarte, circa 2428 pe an. Dar \u015fi aceast\u0103 cifr\u0103 este pus\u0103 sub semnul &icirc;ntreb\u0103rii, deoarece mul\u0163i italieni nu se preocupau s\u0103 aib\u0103 la zi pa\u015fapoartele spre a fi vizate la grani\u0163\u0103, pentru a evita eventuale taxe, cu toate c\u0103 legea rom&acirc;n\u0103 o impunea.<\/p>\n<p>Pe de alt\u0103 parte, autorit\u0103\u0163ile rom&acirc;ne public\u0103 statistici despre emigra\u0163ie numai pentru anii 1908, 1909, 1910, cu date trunchiate referitoare la num\u0103rul italienilor &icirc;n Rom&acirc;nia. &Icirc;n mare, se poate presupune c\u0103 emigra\u0163ia temporar\u0103 italian\u0103 &icirc;n Rom&acirc;nia oscileaz\u0103 de la 5.500 \u015fi 6.500 &icirc;n anii boga\u0163i pentru a ajunge ca &icirc;n anii de secet\u0103 dintre 1899 \u015fi 1902 s\u0103 fie aproape inexistent\u0103. Dar, dac\u0103 numeric italienii care emigrau &icirc;n Rom&acirc;nia nu erau importan\u0163i, din punct de vedere al nivelului de bog\u0103\u0163ie de capital financiar sau uman, profesional, importan\u0163a se face sim\u0163it\u0103. Ei erau exclusiv muncitori specializa\u0163i, care c&acirc;\u015ftigau uneori a\u015fa de bine, &icirc;nc&acirc;t &icirc;\u015fi puteau permite s\u0103 fac\u0103 economii consistente. Emigra\u0163ia temporar\u0103 &icirc;n Rom&acirc;nia era compus\u0103 din dou\u0103 grupuri de italieni: zidari \u015fi speciali\u015fti &icirc;n prelucrarea pietrei \u015fi a lemnului. A\u015fa cum am v\u0103zut, nu erau simpli tagliapietre e tagliaboschi, ci mai\u015ftri &icirc;n utilizarea acestor materiale &icirc;n construc\u0163ii. Din acest motiv italienii se bucurau de o unanim\u0103 apreciere &icirc;n Rom&acirc;nia \u015fi erau la fel de bine v\u0103zu\u0163i &icirc;n Italia cei care munceau sezonier &icirc;n Rom&acirc;nia, deoarece c&acirc;\u015ftigau salarii care le permiteau s\u0103 acumuleze. Numai italienii erau capabili, la Bucure\u015fti, s\u0103 zideasc\u0103 doi metri cubi \u015fi jum\u0103tate (un metru cub are 265 de c\u0103r\u0103mizi mai mari dec&acirc;t cele folosite &icirc;n Italia, de circa 5,5 kilograme fiecare) pe zi \u015fi s\u0103 realizeze finisajele externe.<\/p>\n<p>&Icirc;n ceea ce prive\u015fte salariile, ele erau stimulate de c\u0103tre antreprenori prin premii, ca s\u0103 anticipeze termenul de realizare al lucr\u0103rii. Salariile se demonstreaz\u0103 a fi mai mici &icirc;n Moldova, unde exista concuren\u0163a muncitorilor macedoneni care acceptau salarii mult mai reduse dec&acirc;t italienii (de la 5 la 8 lire pe zi) \u015fi cre\u015fteau la Bucure\u015fti, unde nu se f\u0103cea rabat de la calitate, capitala orn&acirc;ndu-se de noi edificii la care erau implica\u0163i cei mai buni muncitori italieni care se g\u0103seau pe pia\u0163a muncii.<\/p>\n<p>Un detaliu care spune multe despre diferen\u0163a de calitate a vie\u0163ii (nivel de trai) dintre Italia \u015fi Rom&acirc;nia este modul &icirc;n care erau catalogate, ca fiind &bdquo;a\u015fa de joase&rdquo;, camerele &icirc;n care dorm muncitorii italieni &ndash; de la 2,5 la 3 metri, &icirc;n\u0103l\u0163ime care va fi standardizat\u0103 &icirc;n construc\u0163iile de factur\u0103 realist-socialist\u0103 din Rom&acirc;nia comunist\u0103. Nu existau case etajate \u015fi pe jos, ca pardoseal\u0103, aveau numai p\u0103m&acirc;nt b\u0103t\u0103torit.<\/p>\n<p>Muncitorii italieni din construc\u0163ii erau exper\u0163i \u015fi acest lucru este vizibil din num\u0103rul redus de accidente de munc\u0103 &icirc;n Rom&acirc;nia unde, remarca inspectorul italian cu candoare, &bdquo;cl\u0103dirile s&acirc;nt joase, maximum ating 17 metri de &icirc;n\u0103l\u0163ime, rare s&acirc;nt casele cu mai mult de trei etaje&rdquo;. Zidarii italieni erau obi\u015fnui\u0163i cu alte &icirc;n\u0103l\u0163imi, s-au distins &icirc;n America &icirc;n munci care erau la limita acroba\u0163iei, la ridicarea zg&acirc;rie-norilor din New York.<\/p>\n<p>O alt\u0103 categorie era cea a arhitec\u0163ilor, care au purtat cu ei nu numai arta de a construi cl\u0103diri, ci \u015fi viziunea urbanistic\u0103 ce lipsea Bucure\u015ftiului \u015fi marilor ora\u015fe rom&acirc;ne\u015fti. Numero\u015fi arhitec\u0163i italieni vor construi opere importante &icirc;n Rom&acirc;nia. Mul\u0163i dintre ei provin din Veneto. Exista \u015fi o afluen\u0163\u0103 a pictorilor \u015fi sculptorilor italieni, care &icirc;nso\u0163eau adeseori pentru completarea operelor, pe arhitec\u0163i. \u0162inea deja de tradi\u0163ie; primii profesori de desen ai pictorilor rom&acirc;ni erau italieni care activau &icirc;n institu\u0163ii de pionierat cultural cum era Academia Mihailean\u0103, deseori spirite revolu\u0163ionare care legaser\u0103 amici\u0163ie cu revolu\u0163ionarii rom&acirc;ni &icirc;n anii de formare \u015fi care, odat\u0103 &bdquo;institu\u0163ionaliza\u0163i&rdquo; la &icirc;ntoarcerea &icirc;n Patrie, chemau &icirc;n ajutorul construirii modernit\u0103\u0163ii rom&acirc;ne\u015fti amicii italieni cunoscu\u0163i &icirc;n anii de formare &icirc;n Italia.<\/p>\n<p>Tagliaboschi, adic\u0103 cei care prelucreaz\u0103 \u015fi exploateaz\u0103 lemnul, intrau &icirc;n Rom&acirc;nia o lun\u0103 dup\u0103 zidari, &icirc;n mas\u0103 veneau &icirc;n iunie \u015fi plecau &icirc;n Italia &icirc;n noiembrie. Soseau la R&acirc;mnicu V&acirc;lcea, la Buz\u0103u \u015fi &icirc;n Moldova la Putna. Majoritatea erau friulani din Pontebba. Cu timpul cei care veneau la R&acirc;mnicu V&acirc;lcea s-au stabilit la Brezoi, &icirc;n Rom&acirc;nia.<\/p>\n<p>Un aspect important al convie\u0163uiri rom&acirc;nilor cu minoritatea italian\u0103 este acela al adopt\u0103rii unuia dintre elementele civilizatoare cele mai definitorii &ndash; dieta italian\u0103, consistent\u0103 \u015fi capabil\u0103 s\u0103 dea for\u0163\u0103 \u015fi s\u0103n\u0103tate muncitorilor dintr-un sector &icirc;n care energia fizic\u0103 joac\u0103 un rol decisiv. Rom&acirc;nii care deveneau tagliaboschi abandonau m\u0103m\u0103liga \u015fi ceapa, pentru a putea, prin modul de a se hr\u0103ni, s\u0103 fac\u0103 concuren\u0163\u0103.<\/p>\n<p>Un aspect fundamental al fenomenului emigra\u0163ional dintotdeauna \u015fi de pretutindeni este cel al trimiterii banilor &icirc;n patrie &ndash; le rimesse. Afl\u0103m c\u0103 tagliaboschi nu trimiteau to\u0163i banii &icirc;n Italia, ci numai o parte, restul purt&acirc;ndu-l cu ei la &icirc;ntoarcere. Costul era avantajos: la 100 de lire costa 1,5 &ndash; 2 lire pentru expediere.<\/p>\n<p>Dup\u0103 c\u0103derea regimului Comunist, Rom&acirc;nia a devenit \u021binta primar\u0103 al oamenilor de afaceri din Italia care s-au deplasat &icirc;n \u021bara pontic\u0103 pentru a crea afaceri durabile \u0219i pentru a ajuta la dezvoltarea economic\u0103 a Rom&acirc;niei. Aceast\u0103 deplasare a fost a\u0219teptat\u0103 \u0219i favorizat\u0103 de catre a\u0219tept\u0103rile cet\u0103\u021benilor rom&acirc;ni care se considerau fra\u021bi de s&acirc;nge al poporului italian. Aceast\u0103 comunitate a fost sigur cea mai integrat\u0103 \u0219i cea mai mare al teritoriului rom&acirc;nesc, ceea ce a produs nu doar rela\u021bii economice ci \u0219i nenum\u0103rate alte rela\u021bii de natur\u0103 interetnic\u0103 care au decretat rena\u0219terea comunit\u0103\u021bii Italo-Rom&acirc;ne.<\/p>\t\t\t\t\t\t\t\t<\/div>\n\t\t\t\t<\/div>\n\t\t\t\t\t<\/div>\n\t\t<\/div>\n\t\t\t\t\t<\/div>\n\t\t<\/section>\n\t\t\t\t<\/div>","protected":false},"excerpt":{"rendered":"<p>Emigra\u0163ia italian\u0103 &icirc;n Rom&acirc;nia, fa\u0163\u0103 de alte \u0163\u0103ri, nu a fost foarte important\u0103 numeric. Datele pe care inspectorul italian le putea culege erau oferite de Direc\u0163ia general\u0103 a statisticii din Italia, care lua &icirc;n considerare num\u0103rul de pa\u015fapoarte vizate. Acest aspect face ca datele s\u0103 nu fie demne de crezare. Odat\u0103 ob\u0163inut pa\u015faportul, nu se&hellip;&nbsp;<a href=\"https:\/\/futura.ro\/it\/emigratia-italiana-in-romania\/\" class=\"\" rel=\"bookmark\">Leggi tutto &raquo;<span class=\"screen-reader-text\">L'emigrazione italiana in Romania<\/span><\/a><\/p>","protected":false},"author":1,"featured_media":0,"parent":0,"menu_order":0,"comment_status":"closed","ping_status":"closed","template":"","meta":{"neve_meta_sidebar":"left","neve_meta_container":"","neve_meta_enable_content_width":"off","neve_meta_content_width":0,"neve_meta_title_alignment":"","neve_meta_author_avatar":"","neve_post_elements_order":"","neve_meta_disable_header":"","neve_meta_disable_footer":"","neve_meta_disable_title":"","footnotes":""},"class_list":["post-228","page","type-page","status-publish","hentry"],"_links":{"self":[{"href":"https:\/\/futura.ro\/it\/wp-json\/wp\/v2\/pages\/228","targetHints":{"allow":["GET"]}}],"collection":[{"href":"https:\/\/futura.ro\/it\/wp-json\/wp\/v2\/pages"}],"about":[{"href":"https:\/\/futura.ro\/it\/wp-json\/wp\/v2\/types\/page"}],"author":[{"embeddable":true,"href":"https:\/\/futura.ro\/it\/wp-json\/wp\/v2\/users\/1"}],"replies":[{"embeddable":true,"href":"https:\/\/futura.ro\/it\/wp-json\/wp\/v2\/comments?post=228"}],"version-history":[{"count":4,"href":"https:\/\/futura.ro\/it\/wp-json\/wp\/v2\/pages\/228\/revisions"}],"predecessor-version":[{"id":235,"href":"https:\/\/futura.ro\/it\/wp-json\/wp\/v2\/pages\/228\/revisions\/235"}],"wp:attachment":[{"href":"https:\/\/futura.ro\/it\/wp-json\/wp\/v2\/media?parent=228"}],"curies":[{"name":"wp","href":"https:\/\/api.w.org\/{rel}","templated":true}]}}