{"id":457,"date":"2021-03-01T15:29:31","date_gmt":"2021-03-01T13:29:31","guid":{"rendered":"https:\/\/futura.ro\/?page_id=457"},"modified":"2021-03-01T15:30:53","modified_gmt":"2021-03-01T13:30:53","slug":"termeni-si-conditii","status":"publish","type":"page","link":"https:\/\/futura.ro\/it\/termeni-si-conditii\/","title":{"rendered":"Termini e Condizioni"},"content":{"rendered":"<div data-elementor-type=\"wp-post\" data-elementor-id=\"457\" class=\"elementor elementor-457\">\n\t\t\t\t\t\t<section class=\"elementor-section elementor-top-section elementor-element elementor-element-5a58c8b elementor-section-boxed elementor-section-height-default elementor-section-height-default\" data-id=\"5a58c8b\" data-element_type=\"section\" data-e-type=\"section\" data-settings=\"{&quot;background_background&quot;:&quot;classic&quot;}\">\n\t\t\t\t\t\t<div class=\"elementor-container elementor-column-gap-default\">\n\t\t\t\t\t<div class=\"elementor-column elementor-col-100 elementor-top-column elementor-element elementor-element-c1a58ff\" data-id=\"c1a58ff\" data-element_type=\"column\" data-e-type=\"column\">\n\t\t\t<div class=\"elementor-widget-wrap elementor-element-populated\">\n\t\t\t\t\t\t<div class=\"elementor-element elementor-element-76f34dd elementor-widget elementor-widget-text-editor\" data-id=\"76f34dd\" data-element_type=\"widget\" data-e-type=\"widget\" data-widget_type=\"text-editor.default\">\n\t\t\t\t<div class=\"elementor-widget-container\">\n\t\t\t\t\t\t\t\t\t<h3>TERMINI E CONDIZIONI<\/h3><p>Condizioni generali per l'utilizzo del sito www.futura.ro<\/p><p>ACCETTAZIONE DELLE CONDIZIONI<\/p><p>Accedendo a questo sito Web e \/ o alle sue pagine, accetti questi termini di utilizzo. Se non sei d'accordo con questi termini e condizioni d'uso, non accedere a questo sito.<\/p><p>DESCRIZIONE DEI SERVIZI<\/p><p>Il nostro sito rende disponibili le informazioni su questo sito Web per scopi di informazione generale e non garantisce la loro accuratezza in qualsiasi momento, sebbene verr\u00e0 fatto ogni sforzo per garantire che tutte le informazioni siano accurate quando pubblicate sul sito.<\/p><p>INTRODUZIONE<\/p><p>Prezentele Conditii Generale definesc conditiile de utilizare a site-ului www.futura.ro de catre potentialii vizitatori sau clienti. Acces\u00e2nd si navig\u00e2nd pe acest site, acceptati termenii de utilizare descrisi \u00een continuare.<\/p><p>DIRITTI SUI CONTENUTI DEL SITO<\/p><p>Asocia\u021bia Futura detine drepturi complete si depline asupra titlului de proprietate si prin aceasta toate drepturile de autor si cele brevetate. Nu aveti dreptul sa redistribuiti, vindeti, decompilati, dezasamblati aplicatia software \u00eentr-o forma perceptibila de catre oameni.<\/p><p>Toate informatiile, produsele sau aplicatiile continute \u00een acest site sunt proprietatea Asocia\u021biei Futura care \u00eesi rezerva dreptul de a modifica continutul si\/sau structura site-ului \u00een orice moment si fara nici o informare prealabila.<\/p><p>\u00centregul continut al site-ului www.futura.ro este protejat prin legea drepturilor de autor, toate drepturile fiind rezervate. Toate drepturile referitoare la pagini, continutul si prezentarea site-ului sunt detinute de Asocia\u021bia Futura. Este interzisa copierea, modificarea, afisarea, distribuirea, transmiterea, publicarea, comercializarea, licentierea, crearea unor materiale derivate sau utilizarea continutului site-ului \u00een orice scop fara confirmarea scrisa din partea Asocia\u021biei Futura.<\/p><p>Accesul si utilizarea paginii www.futura.ro sunt gratuite si au scopul de a veni in ajutorul utilizatorilor pentru a gasi informatiile necesare \u00een cel mai usor si rapid mod posibil, conform cerintelor fiecaruia.<\/p><p>Informatiile prezente pe www.futura.ro sunt de interes general si sunt puse la dispozitia utilizatorilor \u00een mod gratuit. Prin termenul \u201eutilizator\u201d al acestei pagini se \u00eentelege orice persoana fizica sau juridica care va accesa pagina. Puteti copia si tipari continutul paginii www.futura.ro pentru folosinta dumneavoastra personala, fara intentii comerciale. \u00cen orice alte situatii, continutul www.futura.ro nu poate fi reprodus, modificat sau exploatat fara consimtam\u00e2ntul explicit al reprezentantilor www.futura.ro.<\/p><p>ESCLUSIONE DI RESPONSABILIT\u00c0<\/p><p>Continutul informatiilor se refera la descrierea \u00eentr-un anumit grad de detaliere a activitatilor, produselor si serviciilor Asocia\u021biei Futura. Asocia\u021bia Futura nu va acorda nici o garantie referitoare la:<\/p><p>\u2013 evitarea utilizarii anevoioase sau \u00eentreruperii \u00een utilizare a site-ului;<\/p><p>\u2013 neafectarea \u00een sens negativ a altor sisteme prin utilizarea site-ului;<\/p><p>\u2013 inexistenta pe site-ul pus la dispozitie a virusilor sau alte componente care ar putea dauna utilizatorilor.<\/p><p>Astfel, Asocia\u021bia Futura nu poate fi responsabila pentru nici un fel de daune directe sau indirecte produse prin utilizarea site-ului sau.<\/p><p>Toate informatiile prezentate pe site cu privire la produsele www.futura.ro, preturi, informatii, campanii si promotii de marketing, aspecte tehnice, sunt prezentate cu titlu informativ. Nimic din continutul site-ului www.futura.ro nu poate constitui o oferta ferma de a contracta si nu poate angaja raspunderea Amigio \u00een lipsa unor acorduri ulterioare.<\/p><p>Il contenuto della pagina web www.futura.ro, delle informazioni e di altri materiali presentati dalla Comunit\u00e0 www.futura.ro non rappresenta una consultazione legale ai sensi della Legge n. 51\/1995. <a href=\"https:\/\/futura.ro\/it\/\">www.futura.ro<\/a> nu reprezinta o consultatie juridica \u00een sensul Legii nr. 51\/1995.<\/p><p>www.futura.ro nu face nicio declaratie, promisiune sau garantie cu privire la exactitatea, exhaustivitatea sau caracterul adecvat al prezentului continut, al \u00eendrumarilor si a consultantei, nu \u00eesi asuma nicio obligatie de rezultat sau diligenta fata de nicio persoana, exclud \u00een mod expres si neaga raspunderea pentru orice cost, pierdere sau daunele suferite ca urmare a utilizarii continutului.<\/p><p>L'OBIETTIVO DEL CONTENUTO DEL SITO<\/p><p>L'obiettivo del contenuto del sito \u00e8 trasmettere informazioni aggiornate e accurate.<\/p><p>Asocia\u021bia Futura nu poate garanta ca prezentele pagini nu contin erori, si asigura ca va depune toate diligentele pentru realizarea unei informari corecte si remedierea eventualelor erori.<\/p><p>Orice persoana care doreste sa-si procure unul din serviciile sau produsele prezentate \u00een site este rugata sa contacteze Asocia\u021bia Futura prin unul din mijloacele afisate \u00een pagina de Contact a site-ului, pentru a se informa at\u00e2t asupra disponibilitatii serviciului sau produsului \u00een cauza c\u00e2t si asupra conditiilor contractuale, tarifelor si informatiilor tehnice sau de alta natura.<\/p><p>INFORMAZIONE PERSONALE<\/p><p>C\u00e2nd prin intermediul prezentului site va sunt solicitate informatii, aceasta are ca scop identificarea dumneavoastra sau posibilitatea de a va contacta. Acest lucru este cu at\u00e2t mai necesar \u00een cazul folosirii aplicatiilor disponibile pe site.<\/p><p>Natura informatiilor solicitate se refera \u00een special la date personale (nume, adresa, numere de telefon), adresa de e-mail, modul \u00een care sunt utilizate sau intentioneaza sa fie utilizate produsele si\/sau serviciile Asocia\u021biei Futura, dar poate include si alte informatii aflate \u00een str\u00e2nsa legatura cu utilizarea serviciilor si\/sau produselor solicitate.<\/p><p>Cu scopul de a raspunde mai bine nevoilor si \u00eentrebarilor utilizatorilor site-ului, informatiile solicitate prin intermediul acestui site vor face obiectul unei stocari si prelucrari electronice.<\/p><p>COLLEGAMENTO CON ALTRI SITI<\/p><p>Prezentul site poate contine legaturi sau trimiteri catre alte site-uri considerate de Asocia\u021bia Futura utile \u00een legatura cu continutul site-ului sau si care nu se afla sub controlul sau \u00eendrumarea sa. \u00cen cazul utilizarii acestor legaturi sau trimiteri se vor aplica conditiile generale de utilizare corespunzatoare acelor site-uri.<\/p><p>Asocia\u021bia Futura nu poate garanta\/controla actualitatea\/exactitatea informatiilor prezente pe site-urile unor terti, la care se face trimitere de pe site-ul sau.<\/p><p>INFORMAZIONI FORNITE ATTRAVERSO IL SITO<\/p><p>Orice persoana care viziteaza site-ul www.futura.ro si care ofera date sau informatii cu caracter personal prin intermediul acestui site \u00eesi manifesta acordul \u00een mod expres si neechivoc pentru urmatoarele: prelucrarea acestor date si informatii personale de catre Asocia\u021bia Futura; transmiterii de materiale promotionale specifice operatiunilor de marketing direct; solutionarea de catre Asocia\u021bia Futura a cererilor, \u00eentrebarilor si reclamatiilor adresate (a se vedea pagina Contact din site); alte activitati \u00eentreprinse de Asocia\u021bia Futura si permise de lege, ce nu fac obiectul unei aprobari din partea destinatarului.<\/p><p>Asocia\u021bia Futura va pastra confidentialitatea acestor informatii.<\/p><p>Utilizarea \u00een continuare a acestui site constituie acordul expres si neechivoc al dumneavoastra \u00een conformitate cu prevederile legii 677\/2001 si directivelor GDPR pentru protectia persoanelor cu privire la prelucrarea datelor cu caracter personal si libera circulatie a acestor date.<\/p><p>Pentru orice nelamurire \u00een legatura cu exercitarea drepturilor dumneavoastra referitoare la utilizarea site-ului si la protectia utilizarii va rugam sa ne contactati prin intermediul sectiunii Contact din site.<\/p>\t\t\t\t\t\t\t\t<\/div>\n\t\t\t\t<\/div>\n\t\t\t\t\t<\/div>\n\t\t<\/div>\n\t\t\t\t\t<\/div>\n\t\t<\/section>\n\t\t\t\t<\/div>","protected":false},"excerpt":{"rendered":"<p>TERMENI SI CONDITII Conditii Generale pentru utilizarea site-ului www.futura.ro ACCEPTAREA CONDITIILOR Prin accesarea acestui site web si\/sau a oricarei pagini a acestuia sunteti de acord cu aceste conditii de utilizare. Daca nu sunteti de acord cu acesti termeni si conditii de utilizare, nu accesati acest site. DESCRIEREA SERVICIILOR Site-ul nostru va pune la dispozitie informatiile&hellip;&nbsp;<a href=\"https:\/\/futura.ro\/it\/termeni-si-conditii\/\" class=\"\" rel=\"bookmark\">Leggi tutto &raquo;<span class=\"screen-reader-text\">Termini e Condizioni<\/span><\/a><\/p>","protected":false},"author":1,"featured_media":0,"parent":0,"menu_order":0,"comment_status":"closed","ping_status":"closed","template":"","meta":{"neve_meta_sidebar":"left","neve_meta_container":"","neve_meta_enable_content_width":"off","neve_meta_content_width":0,"neve_meta_title_alignment":"","neve_meta_author_avatar":"","neve_post_elements_order":"","neve_meta_disable_header":"","neve_meta_disable_footer":"","neve_meta_disable_title":"","footnotes":""},"class_list":["post-457","page","type-page","status-publish","hentry"],"_links":{"self":[{"href":"https:\/\/futura.ro\/it\/wp-json\/wp\/v2\/pages\/457","targetHints":{"allow":["GET"]}}],"collection":[{"href":"https:\/\/futura.ro\/it\/wp-json\/wp\/v2\/pages"}],"about":[{"href":"https:\/\/futura.ro\/it\/wp-json\/wp\/v2\/types\/page"}],"author":[{"embeddable":true,"href":"https:\/\/futura.ro\/it\/wp-json\/wp\/v2\/users\/1"}],"replies":[{"embeddable":true,"href":"https:\/\/futura.ro\/it\/wp-json\/wp\/v2\/comments?post=457"}],"version-history":[{"count":4,"href":"https:\/\/futura.ro\/it\/wp-json\/wp\/v2\/pages\/457\/revisions"}],"predecessor-version":[{"id":462,"href":"https:\/\/futura.ro\/it\/wp-json\/wp\/v2\/pages\/457\/revisions\/462"}],"wp:attachment":[{"href":"https:\/\/futura.ro\/it\/wp-json\/wp\/v2\/media?parent=457"}],"curies":[{"name":"wp","href":"https:\/\/api.w.org\/{rel}","templated":true}]}}